{"id":6369,"date":"2025-11-03T18:34:47","date_gmt":"2025-11-03T17:34:47","guid":{"rendered":"https:\/\/www.camping-lesjardinsdagathe.com\/informacion-legal\/"},"modified":"2026-02-16T14:22:03","modified_gmt":"2026-02-16T13:22:03","slug":"informacion-legal","status":"publish","type":"page","link":"https:\/\/www.camping-lesjardinsdagathe.com\/es\/informacion-legal\/","title":{"rendered":"Informaci\u00f3n legal"},"content":{"rendered":"\n<section class=\"wp-block-group alignwide page-one has-global-padding is-layout-constrained wp-container-core-group-is-layout-f4457c25 wp-block-group-is-layout-constrained\" style=\"margin-top:0rem;padding-top:0;padding-right:0px;padding-bottom:0;padding-left:0px\">\n<div style=\"height:30px\" aria-hidden=\"true\" class=\"wp-block-spacer gt-hide-mobile\"><\/div>\n\n\n\n<h1 class=\"wp-block-heading has-text-align-center\" style=\"padding-bottom:var(--wp--preset--spacing--20);padding-left:0\">Informaci\u00f3n legal<\/h1>\n\n\n\n<div style=\"height:30px\" aria-hidden=\"true\" class=\"wp-block-spacer gt-hide-mobile\"><\/div>\n\n\n\n<h2 class=\"wp-block-heading has-text-align-left\">Jefe de obra<\/h2>\n\n\n\n<p><strong>CAMPING LES JARDINS DE L&#8217; <\/strong>AGATHE<br\/>Direcci\u00f3n: 98 route de la Guiraudette, 34300 Agde<br\/>Tel\u00e9fono: <a href=\"tel:0467016736\" data-type=\"tel\" data-id=\"tel:0467016736\"><\/a><a href=\"tel:0467016736\">04 67 01 67 36<\/a><br\/>Correo electr\u00f3nico: contact@camping-lesjardinsdagathe.com<br\/>Raz\u00f3n social: LES JARDINS D&#8217;AGATHE<br\/>Capital social: 8000,00 \u20ac<br\/>SIRET: 448 618 587 00019<br\/>C\u00f3digo APE: 5530Z<br\/>RCS: 448 618 587 R.C.S. Beziers<br\/>CIF intracomunitario: FR76448618587<br\/>Directora de la publicaci\u00f3n: Chevestrier Charlotte<\/p>\n\n\n\n<h2 class=\"wp-block-heading\">Producci\u00f3n<\/h2>\n\n\n\n<p><strong>GEEK TONIC<\/strong> Representado por el Sr. Yohan Darmayan en calidad de Gerente <br\/>Domicilio social: 16 chemin de Sabalce 64100 Bayona<br\/>Tel: <a href=\"https:\/\/www.google.com\/search?q=geek+tonic&amp;sxsrf=ALiCzsb97zG2dngu-WqfTOdPG_O6pmDSPQ%3A1665557722642&amp;ei=2mRGY-_0JorhlwS4vpuoCA&amp;ved=0ahUKEwjvyaSDjtr6AhWK8IUKHTjfBoUQ4dUDCA4&amp;uact=5&amp;oq=geek+tonic&amp;gs_lcp=Cgdnd3Mtd2l6EAMyBAgjECcyCgguEMcBEK8BECcyBggAEBYQHjIGCAAQFhAeMgIIJjoKCAAQRxDWBBCwAzoNCAAQ5AIQ1gQQsAMYAToICAAQFhAeEA86CAgAEBYQHhAKOgUIABCABDoLCC4QgAQQxwEQ0QM6CggAEIAEEIcCEBQ6CggAEIAEEAoQywFKBAhNGAFKBAhBGABKBAhGGAFQ4wtYgh1gkyBoAnABeACAAawBiAHRBJIBAzUuMZgBAKABAcgBDcABAdoBBggBEAEYCQ&amp;sclient=gws-wiz#\">05 32 74 11 52<\/a> <br\/>Correo electr\u00f3nico: support@geek-tonic.com <br\/>P\u00e1gina web: <a href=\"https:\/\/www.geek-tonic.com\/\">www.geek-tonic.com<\/a> <br\/>SIRET: 89746755100015<br\/>APE: 6201Z<\/p>\n\n\n\n<h2 class=\"wp-block-heading\">Derechos de autor<\/h2>\n\n\n\n<p>Todo el contenido de este sitio est\u00e1 sujeto a derechos de autor y propiedad intelectual seg\u00fan la legislaci\u00f3n francesa. Queda prohibida cualquier reproducci\u00f3n (incluidas fotos, iconos y documentos descargables) sin el consentimiento previo de GEEK TONIC. Queda prohibida la reproducci\u00f3n en soporte electr\u00f3nico de todo o parte del sitio en papel o formato electr\u00f3nico. GEEK TONIC declina toda responsabilidad por el contenido del sitio web. GEEK TONIC declina tambi\u00e9n toda responsabilidad en cuanto a los enlaces externos que apunten hacia el presente sitio.   <\/p>\n\n\n\n<h2 class=\"wp-block-heading\">Datos personales e informaci\u00f3n nominativa<\/h2>\n\n\n\n<p>Tienes derecho a acceder, modificar, rectificar y suprimir los datos que te conciernen, de conformidad con el art\u00edculo 34 de la Ley francesa de Protecci\u00f3n de Datos n\u00ba 78-17 de 6 de enero de 1978, modificada el 6 de agosto de 2018. Para ejercer este derecho de acceso, env\u00eda una solicitud por escrito al editor del sitio. <\/p>\n\n\n\n<h2 class=\"wp-block-heading\">Legislaci\u00f3n<\/h2>\n\n\n\n<p>De conformidad con la ley de 11 de marzo de 1957 (art. 41) y el c\u00f3digo de la propiedad intelectual de 1 de julio de 1992, est\u00e1 prohibida la reproducci\u00f3n total o parcial del sitio sin autorizaci\u00f3n previa del editor del sitio. Los logotipos, elementos visuales, fotos, v\u00eddeos, cuadros gr\u00e1ficos y textos son propiedad de sus respectivos propietarios. Este sitio puede, sin su conocimiento, haber sido vinculado a otros sitios mediante enlaces hipermedia. El editor del sitio declina toda responsabilidad por la informaci\u00f3n presentada en estos otros sitios. Los usuarios de Internet reconocen que el uso de este sitio se rige por la legislaci\u00f3n francesa.    <\/p>\n\n\n\n<div style=\"height:100px\" aria-hidden=\"true\" class=\"wp-block-spacer gt-hide-mobile\"><\/div>\n<\/section>\n","protected":false},"excerpt":{"rendered":"<p>Informaci\u00f3n legal Jefe de obra CAMPING LES JARDINS DE L&#8217; AGATHEDirecci\u00f3n: 98 route de la Guiraudette, 34300 AgdeTel\u00e9fono: 04 67 01 67 36Correo electr\u00f3nico: contact@camping-lesjardinsdagathe.comRaz\u00f3n social: LES JARDINS D&#8217;AGATHECapital social: 8000,00 \u20acSIRET: 448 618 587 00019C\u00f3digo APE: 5530ZRCS: 448 618 587 R.C.S. BeziersCIF intracomunitario: FR76448618587Directora de la publicaci\u00f3n: Chevestrier Charlotte Producci\u00f3n GEEK TONIC Representado por [&hellip;]<\/p>\n","protected":false},"author":1,"featured_media":0,"parent":0,"menu_order":0,"comment_status":"closed","ping_status":"closed","template":"","meta":{"_seopress_robots_primary_cat":"","_seopress_titles_title":"Informaci\u00f3n legal","_seopress_titles_desc":"","_seopress_robots_index":"yes","_gt_ctv_global_id":"","_gt_ctv_id_group":false,"inline_featured_image":false,"gt_fse_maillage_image":"","gt_fse_maillage_titre":"Informaci\u00f3n legal","gt_fse_maillage_alt":"Mentions l\u00e9gales","gt_fse_maillage_resume":"","footnotes":""},"categories":[],"tags":[],"class_list":["post-6369","page","type-page","status-publish","hentry"],"_links":{"self":[{"href":"https:\/\/www.camping-lesjardinsdagathe.com\/es\/wp-json\/wp\/v2\/pages\/6369","targetHints":{"allow":["GET"]}}],"collection":[{"href":"https:\/\/www.camping-lesjardinsdagathe.com\/es\/wp-json\/wp\/v2\/pages"}],"about":[{"href":"https:\/\/www.camping-lesjardinsdagathe.com\/es\/wp-json\/wp\/v2\/types\/page"}],"author":[{"embeddable":true,"href":"https:\/\/www.camping-lesjardinsdagathe.com\/es\/wp-json\/wp\/v2\/users\/1"}],"replies":[{"embeddable":true,"href":"https:\/\/www.camping-lesjardinsdagathe.com\/es\/wp-json\/wp\/v2\/comments?post=6369"}],"version-history":[{"count":3,"href":"https:\/\/www.camping-lesjardinsdagathe.com\/es\/wp-json\/wp\/v2\/pages\/6369\/revisions"}],"predecessor-version":[{"id":7438,"href":"https:\/\/www.camping-lesjardinsdagathe.com\/es\/wp-json\/wp\/v2\/pages\/6369\/revisions\/7438"}],"wp:attachment":[{"href":"https:\/\/www.camping-lesjardinsdagathe.com\/es\/wp-json\/wp\/v2\/media?parent=6369"}],"wp:term":[{"taxonomy":"category","embeddable":true,"href":"https:\/\/www.camping-lesjardinsdagathe.com\/es\/wp-json\/wp\/v2\/categories?post=6369"},{"taxonomy":"post_tag","embeddable":true,"href":"https:\/\/www.camping-lesjardinsdagathe.com\/es\/wp-json\/wp\/v2\/tags?post=6369"}],"curies":[{"name":"wp","href":"https:\/\/api.w.org\/{rel}","templated":true}]}}