{"id":6317,"date":"2025-11-03T18:23:00","date_gmt":"2025-11-03T17:23:00","guid":{"rendered":"https:\/\/www.camping-lesjardinsdagathe.com\/tarifas-y-ofertas\/"},"modified":"2026-02-17T10:46:58","modified_gmt":"2026-02-17T09:46:58","slug":"camping-barato-agde","status":"publish","type":"page","link":"https:\/\/www.camping-lesjardinsdagathe.com\/es\/camping-barato-agde\/","title":{"rendered":"Tarifas y ofertas"},"content":{"rendered":"\n<div class=\"wp-block-group banner-imgs not-slider is-nowrap is-layout-flex wp-container-core-group-is-layout-6c531013 wp-block-group-is-layout-flex\">\n<figure class=\"wp-block-image size-full has-custom-border\"><img decoding=\"async\" width=\"1600\" height=\"938\" src=\"https:\/\/www.camping-lesjardinsdagathe.com\/wp-content\/uploads\/2026\/02\/camping-pas-cher-cap-dagde-herault.jpg\" alt=\"camping barato cap dagde herault\" class=\"wp-image-4708\" style=\"border-top-left-radius:200px;border-top-right-radius:200px;border-bottom-left-radius:60px;border-bottom-right-radius:60px;aspect-ratio:3\/2;object-fit:cover\" srcset=\"https:\/\/www.camping-lesjardinsdagathe.com\/wp-content\/uploads\/2026\/02\/camping-pas-cher-cap-dagde-herault.jpg 1600w, https:\/\/www.camping-lesjardinsdagathe.com\/wp-content\/uploads\/2026\/02\/camping-pas-cher-cap-dagde-herault-300x176.jpg 300w, https:\/\/www.camping-lesjardinsdagathe.com\/wp-content\/uploads\/2026\/02\/camping-pas-cher-cap-dagde-herault-1024x600.jpg 1024w, https:\/\/www.camping-lesjardinsdagathe.com\/wp-content\/uploads\/2026\/02\/camping-pas-cher-cap-dagde-herault-768x450.jpg 768w, https:\/\/www.camping-lesjardinsdagathe.com\/wp-content\/uploads\/2026\/02\/camping-pas-cher-cap-dagde-herault-1536x900.jpg 1536w\" sizes=\"(max-width: 1600px) 100vw, 1600px\" \/><\/figure>\n<\/div>\n\n<div class=\"wp-block-group section-1 has-global-padding is-layout-constrained wp-container-core-group-is-layout-0ec3b646 wp-block-group-is-layout-constrained\" style=\"padding-top:4rem;padding-right:0px;padding-bottom:4rem;padding-left:0px\">\n<div class=\"wp-block-group top-content has-global-padding is-layout-constrained wp-container-core-group-is-layout-f4426c34 wp-block-group-is-layout-constrained\" style=\"padding-right:10rem;padding-left:10rem\">\n<h1 class=\"wp-block-heading has-text-align-center\"><strong>Camping barato en Cap d&#8217;Agde<\/strong><\/h1>\n\n\n\n<p class=\"has-text-align-center\">Les Jardins d&#8217;Agathe est\u00e1 situado a 5 km del centro de Agde y a menos de un kil\u00f3metro de las primeras playas. Bajo el agradable sol del H\u00e9rault, disfruta de <strong>unas vacaciones a buen precio en familia, con amigos o en pareja<\/strong>, en un <a href=\"https:\/\/www.camping-lesjardinsdagathe.com\/es\/\" data-type=\"page\" data-id=\"5\">encantador camping de 4 estrellas en Cap d&#8217;Agde<\/a>. <\/p>\n<\/div>\n\n\n\n<div class=\"wp-block-columns are-vertically-aligned-center is-layout-flex wp-container-core-columns-is-layout-fd8265d6 wp-block-columns-is-layout-flex\" style=\"margin-top:8rem\">\n<div class=\"wp-block-column is-vertically-aligned-center left is-layout-flow wp-block-column-is-layout-flow\" style=\"padding-right:3rem;padding-left:10rem\">\n<h2 class=\"wp-block-heading has-text-align-left\"><strong>Alojamiento y escapadas al mejor precio<\/strong> en H\u00e9rault<\/h2>\n\n\n\n<p><a href=\"https:\/\/www.camping-lesjardinsdagathe.com\/es\/alquiler-ubicacion-agde\/\" data-type=\"page\" data-id=\"12\">Alquila un emplazamiento a media sombra en Cap d&#8217;Agde<\/a>, una <a href=\"https:\/\/www.camping-lesjardinsdagathe.com\/es\/alquiler-mobil-home-agde\/#insolites\" data-type=\"link\" data-id=\"https:\/\/www.camping-lesjardinsdagathe.com\/location-mobil-home-agde\/#insolites\">confortable casa m\u00f3vil o una original tienda Coco sweet<\/a> y disfruta de <strong>un alojamiento a buen precio<\/strong> y de las numerosas <strong>instalaciones <\/strong>que te ofrece nuestro camping de lujo en el H\u00e9rault.<\/p>\n\n\n\n<p>Para amenizar tus veladas y los calurosos d\u00edas de verano, te proponemos diversas <strong>actividades<\/strong>, como <strong>veladas tem\u00e1ticas<\/strong> y <strong>actividades deportivas y de ocio<\/strong>. <br\/>En el <strong>bar <\/strong>y el <strong>snack bar<\/strong> de nuestro camping econ\u00f3mico de Cap d&#8217;Agde, podr\u00e1s disfrutar de todos los placeres de una estancia en la regi\u00f3n de H\u00e9rault. A los ni\u00f1os les encantar\u00e1 el <strong>miniclub<\/strong> del camping. \u00a1Nuestro equipo estar\u00e1 encantado de ayudarte a aprovechar al m\u00e1ximo tu estancia en Cap d&#8217;Agde!  <\/p>\n<\/div>\n\n\n\n<div class=\"wp-block-column is-vertically-aligned-center right is-layout-flow wp-block-column-is-layout-flow\">\n<div class=\"wp-block-group has-global-padding is-layout-constrained wp-block-group-is-layout-constrained\">\n<figure class=\"wp-block-image size-full has-custom-border\"><img decoding=\"async\" width=\"804\" height=\"900\" src=\"https:\/\/www.camping-lesjardinsdagathe.com\/wp-content\/uploads\/2026\/02\/camping-meilleur-prix-cap-dagde-herault.jpg\" alt=\"camping mejor precio cap dagde herault\" class=\"wp-image-4687\" style=\"border-top-left-radius:200px;aspect-ratio:1;object-fit:cover\" srcset=\"https:\/\/www.camping-lesjardinsdagathe.com\/wp-content\/uploads\/2026\/02\/camping-meilleur-prix-cap-dagde-herault.jpg 804w, https:\/\/www.camping-lesjardinsdagathe.com\/wp-content\/uploads\/2026\/02\/camping-meilleur-prix-cap-dagde-herault-268x300.jpg 268w, https:\/\/www.camping-lesjardinsdagathe.com\/wp-content\/uploads\/2026\/02\/camping-meilleur-prix-cap-dagde-herault-768x860.jpg 768w\" sizes=\"(max-width: 804px) 100vw, 804px\" \/><\/figure>\n<\/div>\n<\/div>\n<\/div>\n<\/div>\n\n<section class=\"wp-block-group section-3 has-base-2-background-color has-background has-global-padding is-layout-constrained wp-container-core-group-is-layout-c7050a58 wp-block-group-is-layout-constrained\" style=\"margin-top:0px;margin-bottom:0px;padding-top:0px;padding-right:0px;padding-left:0px\">\n<div class=\"wp-block-columns are-vertically-aligned-center content is-layout-flex wp-container-core-columns-is-layout-44dfee6c wp-block-columns-is-layout-flex\" style=\"padding-top:6rem;padding-right:10rem;padding-bottom:6rem;padding-left:10rem\">\n<div class=\"wp-block-column is-vertically-aligned-center left is-layout-flow wp-block-column-is-layout-flow\" style=\"padding-right:0px;padding-left:0px;flex-basis:50%\">\n<figure class=\"wp-block-image size-full has-custom-border\"><img decoding=\"async\" width=\"766\" height=\"900\" src=\"https:\/\/www.camping-lesjardinsdagathe.com\/wp-content\/uploads\/2026\/02\/camping-avec-offres-herault.jpg\" alt=\"camping con ofertas herault\" class=\"wp-image-4702\" style=\"border-top-right-radius:200px\" srcset=\"https:\/\/www.camping-lesjardinsdagathe.com\/wp-content\/uploads\/2026\/02\/camping-avec-offres-herault.jpg 766w, https:\/\/www.camping-lesjardinsdagathe.com\/wp-content\/uploads\/2026\/02\/camping-avec-offres-herault-255x300.jpg 255w\" sizes=\"(max-width: 766px) 100vw, 766px\" \/><\/figure>\n<\/div>\n\n\n\n<div class=\"wp-block-column is-vertically-aligned-center right is-layout-flow wp-block-column-is-layout-flow\" style=\"flex-basis:50%\">\n<h2 class=\"wp-block-heading\"><strong>Camping con ofertas en Cap d&#8217;Agde<\/strong><\/h2>\n\n\n\n<p>Empieza a planificar tus vacaciones hoy mismo&#8230;<br\/>Del <strong>18 de abril al 04 de octubre de 2026<\/strong>, reserva tu estancia y aprovecha nuestras ofertas especiales. \u00a1Disfruta de un verano de naturaleza, confort y uni\u00f3n! <\/p>\n\n\n\n<p>\u2728 \ud835\udc0d\ud835\udc28\ud835\udc2c \ud835\udc28\ud835\udc1f\ud835\udc1f\ud835\udc2b\ud835\udc1e\ud835\udc2c \ud835\udc29\ud835\udc2b\ud835\udc22\ud835\udc2f\ud835\udc22\ud835\udc25\ud835\udc1e\u0300\ud835\udc20\ud835\udc1e\ud835\udc2c \u2728:  <\/p>\n\n\n\n<ul class=\"wp-block-list\">\n<li>\ud835\udfcf\ud835\udfd3% \ud835\udc1d\ud835\udc1e \ud835\udc2b\ud835\udc1e\ud835\udc26\ud835\udc22\ud835\udc2c\ud835\udc1e \ud835\udc0b\ud835\udc28\ud835\udc27\ud835\udc20 \ud835\udc12\ud835\udc1e\u0301\ud835\udc23\ud835\udc28\ud835\udc2e\ud835\udc2b<br\/>Para estancias de 14 noches como m\u00ednimo<br\/>\ud83d\udcc5 Del 18 de abril al 20 de julio y del 23 de agosto al 4 de octubre de 2026.<\/li>\n\n\n\n<li>\ud835\udfcf\ud835\udfce% \ud835\udc1d\ud835\udc1e \ud835\udc2b\ud835\udc1e\ud835\udc26\ud835\udc22\ud835\udc2c\ud835\udc1e \ud835\udc04\ud835\udc1a\ud835\udc2b\ud835\udc25\ud835\udc32 \ud835\udc01\ud835\udc28\ud835\udc28\ud835\udc24\ud835\udc22\ud835\udc27\ud835\udc20<br\/>Para estancias de al menos 7 noches<br\/>\ud83d\udcc5 Entre el 4 de julio y el 1\u1d49\u02b3 de agosto<br\/>\ud83d\udd53 Reservando antes del 31 de enero de 2026<\/li>\n\n\n\n<li>-\ud835\udfd3% \ud835\udc1d\ud835\udc1e \ud835\udc2b\ud835\udc1e\ud835\udc26\ud835\udc22\ud835\udc2c\ud835\udc1e \ud835\udc04\ud835\udc1a\ud835\udc2b\ud835\udc25\ud835\udc32 \ud835\udc01\ud835\udc28\ud835\udc28\ud835\udc24\ud835\udc22\ud835\udc27\ud835\udc20<br\/>Para estancias de 7 noches como m\u00ednimo<br\/>\ud83d\udcc5 Entre el 1 de agosto y el 1 de septiembre<br\/>\ud83d\udd53 Reserva antes del 31 de enero de 2026.<\/li>\n<\/ul>\n<\/div>\n<\/div>\n<\/section>\n\n<div class=\"wp-block-group section-2 has-base-2-background-color has-background has-global-padding is-layout-constrained wp-container-core-group-is-layout-ed0d3ee8 wp-block-group-is-layout-constrained\" style=\"margin-top:0px;margin-bottom:0px;padding-right:0px;padding-left:0px\">\n<div class=\"wp-block-cover gt-multiple-images-cover has-slider\" style=\"padding-bottom:5rem;min-height:100vh;aspect-ratio:unset;\" data-image-ids=\"[1798]\"><div class=\"gt-is-slider swiper-container\" data-swiper=\"{&quot;speed&quot;:1000,&quot;autoplay&quot;:{&quot;delay&quot;:5000,&quot;disableOnInteraction&quot;:false},&quot;spaceBetween&quot;:0,&quot;slidesPerView&quot;:1,&quot;pagination&quot;:{&quot;el&quot;:&quot;.swiper-pagination&quot;,&quot;dynamicBullets&quot;:true,&quot;clickable&quot;:true,&quot;type&quot;:&quot;bullets&quot;},&quot;navigation&quot;:{&quot;nextEl&quot;:&quot;.swiper-button-next&quot;,&quot;prevEl&quot;:&quot;.swiper-button-prev&quot;},&quot;breakpoints&quot;:[{&quot;slidesPerView&quot;:1}],&quot;effect&quot;:&quot;fade&quot;}\"><div class=\"swiper-wrapper\"><\/div><\/div><img decoding=\"async\" width=\"1620\" height=\"1080\" class=\"wp-block-cover__image-background wp-image-4692 size-full\" alt=\"camping meilleurs raports qualites prix herault\" src=\"https:\/\/www.camping-lesjardinsdagathe.com\/wp-content\/uploads\/2026\/02\/camping-meilleurs-raports-qualites-prix-herault.jpg\" data-object-fit=\"cover\" srcset=\"https:\/\/www.camping-lesjardinsdagathe.com\/wp-content\/uploads\/2026\/02\/camping-meilleurs-raports-qualites-prix-herault.jpg 1620w, https:\/\/www.camping-lesjardinsdagathe.com\/wp-content\/uploads\/2026\/02\/camping-meilleurs-raports-qualites-prix-herault-300x200.jpg 300w, https:\/\/www.camping-lesjardinsdagathe.com\/wp-content\/uploads\/2026\/02\/camping-meilleurs-raports-qualites-prix-herault-1024x683.jpg 1024w, https:\/\/www.camping-lesjardinsdagathe.com\/wp-content\/uploads\/2026\/02\/camping-meilleurs-raports-qualites-prix-herault-768x512.jpg 768w, https:\/\/www.camping-lesjardinsdagathe.com\/wp-content\/uploads\/2026\/02\/camping-meilleurs-raports-qualites-prix-herault-1536x1024.jpg 1536w\" sizes=\"(max-width: 1620px) 100vw, 1620px\" \/><span aria-hidden=\"true\" class=\"wp-block-cover__background has-contrast-background-color has-background-dim-40 has-background-dim\"><\/span><div class=\"wp-block-cover__inner-container has-global-padding is-layout-constrained wp-container-core-cover-is-layout-5d8960c0 wp-block-cover-is-layout-constrained\">\n<h2 class=\"wp-block-heading has-text-align-center has-base-2-color has-text-color has-link-color wp-elements-fd72df48aa9116e1d95ef130da7a99de\" style=\"padding-right:10rem;padding-left:10rem\">Reserva directamente: \u00a1precio <strong>garantizado<\/strong>!<\/h2>\n<\/div><\/div>\n\n\n\n<div class=\"wp-block-group content has-global-padding is-layout-constrained wp-container-core-group-is-layout-b061aaf7 wp-block-group-is-layout-constrained\" style=\"margin-top:0px;margin-bottom:0px;padding-top:4rem;padding-right:14rem;padding-bottom:0rem;padding-left:14rem\">\n<div class=\"wp-block-columns are-vertically-aligned-center is-layout-flex wp-container-core-columns-is-layout-123045d2 wp-block-columns-is-layout-flex\">\n<div class=\"wp-block-column is-vertically-aligned-center left is-layout-flow wp-block-column-is-layout-flow\" style=\"flex-basis:100%\">\n<p class=\"has-text-align-center\" style=\"margin-bottom:4rem\">Para tus reservas, te aconsejamos que <strong>reserves directamente<\/strong> para obtener la <strong>mejor relaci\u00f3n calidad-precio <\/strong>, as\u00ed como <strong>un mejor seguimiento<\/strong>.<br\/>Nuestro camping est\u00e1 visible en todas partes en diversos portales franceses y extranjeros, pero no podemos garantizar el seguimiento cuando reservas a trav\u00e9s de ellos.<br\/>Reservando directamente por tel\u00e9fono o a trav\u00e9s de nuestro sitio web, ganar\u00e1s en tranquilidad, porque <strong>estamos localizables todos los d\u00edas<\/strong> y podemos acceder a tu reserva inmediatamente.<br\/>Enviamos correos electr\u00f3nicos personalizados para que tengas toda la informaci\u00f3n sobre tu estancia, \u00a1y puedas disfrutar de tus vacaciones en cuanto llegues al camping!<\/p>\n<\/div>\n<\/div>\n<\/div>\n<\/div>\n\n<div class=\"wp-block-group section-maillage has-global-padding is-layout-constrained wp-container-core-group-is-layout-c61a7b82 wp-block-group-is-layout-constrained\" style=\"margin-top:0px;margin-bottom:3rem;padding-top:4rem;padding-right:0px;padding-bottom:4rem;padding-left:0px\">\n<p class=\"has-text-align-center has-custom-color-2-color has-text-color has-link-color wp-elements-c553f7675f3744ee0c16543735ab0441\" style=\"margin-bottom:5rem;font-size:clamp(20px, 1.25rem + ((1vw - 3.2px) * 1.25), 32px);font-style:normal;font-weight:400;text-transform:uppercase\">Inf\u00f3rmate sobre nuestras casas m\u00f3viles en venta, nuestras actividades y eventos en torno al camping.<\/p>\n\n\n\n<div data-wp-context=\"{}\" data-wp-interactive=\"core\/query\" data-wp-key=\"0\" data-wp-router-region=\"query-0\" class=\"wp-block-query alignwide gt-fse-maillage-query is-layout-flow wp-block-query-is-layout-flow\"><ul class=\"columns-3 wp-block-post-template is-layout-grid wp-container-core-post-template-is-layout-6d3fbd8f wp-block-post-template-is-layout-grid\"><li data-wp-key=\"post-template-item-6378\" class=\"wp-block-post post-6378 page type-page status-publish has-post-thumbnail hentry\">\n<a href=\"https:\/\/www.camping-lesjardinsdagathe.com\/es\/actividades-que-hacer-en-herault\/\"    class=\"cta wp-block-tiptip-hyperlink-group-block\" >\n<div class=\"wp-block-cover\" style=\"border-top-left-radius:50px;border-top-right-radius:50px;border-bottom-left-radius:50px;border-bottom-right-radius:50px;padding-top:0rem;padding-bottom:0rem\"><span aria-hidden=\"true\" class=\"wp-block-cover__background has-background-dim-100 has-background-dim has-background-gradient\" style=\"background:linear-gradient(180deg,rgba(255,255,255,0) 47%,rgba(0,0,0,0.48) 100%)\"><\/span><img decoding=\"async\" width=\"1350\" height=\"900\" src=\"https:\/\/www.camping-lesjardinsdagathe.com\/wp-content\/uploads\/2026\/02\/quoi-faire-dans-lherault.jpg\" class=\"wp-block-cover__image-background wp-post-image\" alt=\"qu\u00e9 hacer en lherault\" data-object-fit=\"cover\" srcset=\"https:\/\/www.camping-lesjardinsdagathe.com\/wp-content\/uploads\/2026\/02\/quoi-faire-dans-lherault.jpg 1350w, https:\/\/www.camping-lesjardinsdagathe.com\/wp-content\/uploads\/2026\/02\/quoi-faire-dans-lherault-300x200.jpg 300w, https:\/\/www.camping-lesjardinsdagathe.com\/wp-content\/uploads\/2026\/02\/quoi-faire-dans-lherault-1024x683.jpg 1024w, https:\/\/www.camping-lesjardinsdagathe.com\/wp-content\/uploads\/2026\/02\/quoi-faire-dans-lherault-768x512.jpg 768w\" sizes=\"(max-width: 1350px) 100vw, 1350px\" \/><div class=\"wp-block-cover__inner-container has-global-padding is-layout-constrained wp-block-cover-is-layout-constrained\">\n<p class=\"is-style-outline btn-1 cta-title has-border-color has-base-2-border-color has-base-2-color has-text-color has-link-color wp-elements-1f72e4569e6c571ecc8add85532c550f\" style=\"border-style:solid;border-width:1px;border-radius:100px;margin-bottom:3rem;padding-top:0.75rem;padding-right:var(--wp--preset--spacing--10);padding-bottom:0.75rem;padding-left:3rem;font-size:clamp(1.006rem, 1.006rem + ((1vw - 0.2rem) * 0.89), 1.54rem);text-transform:uppercase\"><img decoding=\"async\" width=\"39\" height=\"36\" class=\"wp-image-2449\" style=\"width: 39px\" src=\"https:\/\/www.camping-lesjardinsdagathe.com\/wp-content\/uploads\/2026\/01\/fleur-blanche.svg\" alt=\"flor blanca\">Para hacer<img decoding=\"async\" width=\"12\" height=\"19\" class=\"wp-image-425\" style=\"width: 12px\" src=\"https:\/\/www.camping-lesjardinsdagathe.com\/wp-content\/uploads\/2025\/11\/icon-fleche-btn-blanc.svg\" alt=\"icono fleche btn blanco\"><\/p>\n<\/div><\/div>\n<\/a>\n<\/li><li data-wp-key=\"post-template-item-6408\" class=\"wp-block-post post-6408 page type-page status-publish has-post-thumbnail hentry\">\n<a href=\"https:\/\/www.camping-lesjardinsdagathe.com\/es\/camping-animaciones-agde\/\"    class=\"cta wp-block-tiptip-hyperlink-group-block\" >\n<div class=\"wp-block-cover\" style=\"border-top-left-radius:50px;border-top-right-radius:50px;border-bottom-left-radius:50px;border-bottom-right-radius:50px;padding-top:0rem;padding-bottom:0rem\"><span aria-hidden=\"true\" class=\"wp-block-cover__background has-background-dim-100 has-background-dim has-background-gradient\" style=\"background:linear-gradient(180deg,rgba(255,255,255,0) 47%,rgba(0,0,0,0.48) 100%)\"><\/span><img decoding=\"async\" width=\"900\" height=\"647\" src=\"https:\/\/www.camping-lesjardinsdagathe.com\/wp-content\/uploads\/2026\/01\/camping-avec-animations-dans-lherault.jpg\" class=\"wp-block-cover__image-background wp-post-image\" alt=\"camping con animaci\u00f3n en lherault\" data-object-fit=\"cover\" srcset=\"https:\/\/www.camping-lesjardinsdagathe.com\/wp-content\/uploads\/2026\/01\/camping-avec-animations-dans-lherault.jpg 900w, https:\/\/www.camping-lesjardinsdagathe.com\/wp-content\/uploads\/2026\/01\/camping-avec-animations-dans-lherault-300x216.jpg 300w, https:\/\/www.camping-lesjardinsdagathe.com\/wp-content\/uploads\/2026\/01\/camping-avec-animations-dans-lherault-768x552.jpg 768w\" sizes=\"(max-width: 900px) 100vw, 900px\" \/><div class=\"wp-block-cover__inner-container has-global-padding is-layout-constrained wp-block-cover-is-layout-constrained\">\n<p class=\"is-style-outline btn-1 cta-title has-border-color has-base-2-border-color has-base-2-color has-text-color has-link-color wp-elements-1f72e4569e6c571ecc8add85532c550f\" style=\"border-style:solid;border-width:1px;border-radius:100px;margin-bottom:3rem;padding-top:0.75rem;padding-right:var(--wp--preset--spacing--10);padding-bottom:0.75rem;padding-left:3rem;font-size:clamp(1.006rem, 1.006rem + ((1vw - 0.2rem) * 0.89), 1.54rem);text-transform:uppercase\"><img decoding=\"async\" width=\"39\" height=\"36\" class=\"wp-image-2449\" style=\"width: 39px\" src=\"https:\/\/www.camping-lesjardinsdagathe.com\/wp-content\/uploads\/2026\/01\/fleur-blanche.svg\" alt=\"flor blanca\">Entretenimiento<img decoding=\"async\" width=\"12\" height=\"19\" class=\"wp-image-425\" style=\"width: 12px\" src=\"https:\/\/www.camping-lesjardinsdagathe.com\/wp-content\/uploads\/2025\/11\/icon-fleche-btn-blanc.svg\" alt=\"icono fleche btn blanco\"><\/p>\n<\/div><\/div>\n<\/a>\n<\/li><li data-wp-key=\"post-template-item-6381\" class=\"wp-block-post post-6381 page type-page status-publish has-post-thumbnail hentry\">\n<a href=\"https:\/\/www.camping-lesjardinsdagathe.com\/es\/compra-venta-mobil-home-agde\/\"    class=\"cta wp-block-tiptip-hyperlink-group-block\" >\n<div class=\"wp-block-cover\" style=\"border-top-left-radius:50px;border-top-right-radius:50px;border-bottom-left-radius:50px;border-bottom-right-radius:50px;padding-top:0rem;padding-bottom:0rem\"><span aria-hidden=\"true\" class=\"wp-block-cover__background has-background-dim-100 has-background-dim has-background-gradient\" style=\"background:linear-gradient(180deg,rgba(255,255,255,0) 47%,rgba(0,0,0,0.48) 100%)\"><\/span><img decoding=\"async\" width=\"1600\" height=\"1060\" src=\"https:\/\/www.camping-lesjardinsdagathe.com\/wp-content\/uploads\/2026\/02\/mobil-a-vendre-au-cap-dagde-herault.jpg\" class=\"wp-block-cover__image-background wp-post-image\" alt=\"casa m\u00f3vil en venta en cap dagde herault\" data-object-fit=\"cover\" srcset=\"https:\/\/www.camping-lesjardinsdagathe.com\/wp-content\/uploads\/2026\/02\/mobil-a-vendre-au-cap-dagde-herault.jpg 1600w, https:\/\/www.camping-lesjardinsdagathe.com\/wp-content\/uploads\/2026\/02\/mobil-a-vendre-au-cap-dagde-herault-300x199.jpg 300w, https:\/\/www.camping-lesjardinsdagathe.com\/wp-content\/uploads\/2026\/02\/mobil-a-vendre-au-cap-dagde-herault-1024x678.jpg 1024w, https:\/\/www.camping-lesjardinsdagathe.com\/wp-content\/uploads\/2026\/02\/mobil-a-vendre-au-cap-dagde-herault-768x509.jpg 768w, https:\/\/www.camping-lesjardinsdagathe.com\/wp-content\/uploads\/2026\/02\/mobil-a-vendre-au-cap-dagde-herault-1536x1018.jpg 1536w\" sizes=\"(max-width: 1600px) 100vw, 1600px\" \/><div class=\"wp-block-cover__inner-container has-global-padding is-layout-constrained wp-block-cover-is-layout-constrained\">\n<p class=\"is-style-outline btn-1 cta-title has-border-color has-base-2-border-color has-base-2-color has-text-color has-link-color wp-elements-1f72e4569e6c571ecc8add85532c550f\" style=\"border-style:solid;border-width:1px;border-radius:100px;margin-bottom:3rem;padding-top:0.75rem;padding-right:var(--wp--preset--spacing--10);padding-bottom:0.75rem;padding-left:3rem;font-size:clamp(1.006rem, 1.006rem + ((1vw - 0.2rem) * 0.89), 1.54rem);text-transform:uppercase\"><img decoding=\"async\" width=\"39\" height=\"36\" class=\"wp-image-2449\" style=\"width: 39px\" src=\"https:\/\/www.camping-lesjardinsdagathe.com\/wp-content\/uploads\/2026\/01\/fleur-blanche.svg\" alt=\"flor blanca\">Convertirse en propietario<img decoding=\"async\" width=\"12\" height=\"19\" class=\"wp-image-425\" style=\"width: 12px\" src=\"https:\/\/www.camping-lesjardinsdagathe.com\/wp-content\/uploads\/2025\/11\/icon-fleche-btn-blanc.svg\" alt=\"icono fleche btn blanco\"><\/p>\n<\/div><\/div>\n<\/a>\n<\/li><\/ul><\/div>\n<\/div>\n","protected":false},"excerpt":{"rendered":"<p>Camping barato en Cap d&#8217;Agde Les Jardins d&#8217;Agathe est\u00e1 situado a 5 km del centro de Agde y a menos de un kil\u00f3metro de las primeras playas. Bajo el agradable sol del H\u00e9rault, disfruta de unas vacaciones a buen precio en familia, con amigos o en pareja, en un encantador camping de 4 estrellas en [&hellip;]<\/p>\n","protected":false},"author":1,"featured_media":4712,"parent":0,"menu_order":0,"comment_status":"closed","ping_status":"closed","template":"","meta":{"_seopress_robots_primary_cat":"","_seopress_titles_title":"Camping barato Cap d'Agde | Ofertas de camping en H\u00e9rault 34","_seopress_titles_desc":"\u00a1Disfruta del sol del H\u00e9rault en Cap d'Agde! Al\u00f3jate en familia o con amigos, a precios econ\u00f3micos, en nuestro camping de 4 estrellas cerca de las playas. \u00a1Reserva ya!  ","_seopress_robots_index":"","_gt_ctv_global_id":"","_gt_ctv_id_group":false,"inline_featured_image":false,"gt_fse_maillage_image":"https:\/\/www.camping-lesjardinsdagathe.com\/wp-content\/uploads\/2026\/02\/camping-pas-cher-cap-dagde-herault.jpg","gt_fse_maillage_titre":"<img class=\"wp-image-2449\" style=\"width: 39px;\" src=\"https:\/\/www.camping-lesjardinsdagathe.com\/wp-content\/uploads\/2026\/01\/fleur-blanche.svg\" alt=\"flor blanca\">Tarifas<img class=\"wp-image-425\" style=\"width: 12px;\" src=\"https:\/\/www.camping-lesjardinsdagathe.com\/wp-content\/uploads\/2025\/11\/icon-fleche-btn-blanc.svg\" alt=\"icono fleche btn blanco\">","gt_fse_maillage_alt":"camping pas cher cap dagde herault","gt_fse_maillage_resume":"Tarifas","footnotes":""},"categories":[],"tags":[],"class_list":["post-6317","page","type-page","status-publish","has-post-thumbnail","hentry"],"_links":{"self":[{"href":"https:\/\/www.camping-lesjardinsdagathe.com\/es\/wp-json\/wp\/v2\/pages\/6317","targetHints":{"allow":["GET"]}}],"collection":[{"href":"https:\/\/www.camping-lesjardinsdagathe.com\/es\/wp-json\/wp\/v2\/pages"}],"about":[{"href":"https:\/\/www.camping-lesjardinsdagathe.com\/es\/wp-json\/wp\/v2\/types\/page"}],"author":[{"embeddable":true,"href":"https:\/\/www.camping-lesjardinsdagathe.com\/es\/wp-json\/wp\/v2\/users\/1"}],"replies":[{"embeddable":true,"href":"https:\/\/www.camping-lesjardinsdagathe.com\/es\/wp-json\/wp\/v2\/comments?post=6317"}],"version-history":[{"count":8,"href":"https:\/\/www.camping-lesjardinsdagathe.com\/es\/wp-json\/wp\/v2\/pages\/6317\/revisions"}],"predecessor-version":[{"id":7567,"href":"https:\/\/www.camping-lesjardinsdagathe.com\/es\/wp-json\/wp\/v2\/pages\/6317\/revisions\/7567"}],"wp:featuredmedia":[{"embeddable":true,"href":"https:\/\/www.camping-lesjardinsdagathe.com\/es\/wp-json\/wp\/v2\/media\/4712"}],"wp:attachment":[{"href":"https:\/\/www.camping-lesjardinsdagathe.com\/es\/wp-json\/wp\/v2\/media?parent=6317"}],"wp:term":[{"taxonomy":"category","embeddable":true,"href":"https:\/\/www.camping-lesjardinsdagathe.com\/es\/wp-json\/wp\/v2\/categories?post=6317"},{"taxonomy":"post_tag","embeddable":true,"href":"https:\/\/www.camping-lesjardinsdagathe.com\/es\/wp-json\/wp\/v2\/tags?post=6317"}],"curies":[{"name":"wp","href":"https:\/\/api.w.org\/{rel}","templated":true}]}}