{"id":6415,"date":"2025-11-03T18:34:47","date_gmt":"2025-11-03T17:34:47","guid":{"rendered":"https:\/\/www.camping-lesjardinsdagathe.com\/rechtliche-hinweise\/"},"modified":"2026-02-16T14:21:33","modified_gmt":"2026-02-16T13:21:33","slug":"rechtliche-hinweise","status":"publish","type":"page","link":"https:\/\/www.camping-lesjardinsdagathe.com\/de\/rechtliche-hinweise\/","title":{"rendered":"Rechtliche Hinweise"},"content":{"rendered":"\n<section class=\"wp-block-group alignwide page-one has-global-padding is-layout-constrained wp-container-core-group-is-layout-f4457c25 wp-block-group-is-layout-constrained\" style=\"margin-top:0rem;padding-top:0;padding-right:0px;padding-bottom:0;padding-left:0px\">\n<div style=\"height:30px\" aria-hidden=\"true\" class=\"wp-block-spacer gt-hide-mobile\"><\/div>\n\n\n\n<h1 class=\"wp-block-heading has-text-align-center\" style=\"padding-bottom:var(--wp--preset--spacing--20);padding-left:0\">Rechtliche Hinweise<\/h1>\n\n\n\n<div style=\"height:30px\" aria-hidden=\"true\" class=\"wp-block-spacer gt-hide-mobile\"><\/div>\n\n\n\n<h2 class=\"wp-block-heading has-text-align-left\">Verantwortlich f\u00fcr die Website<\/h2>\n\n\n\n<p><strong>CAMPING LES JARDINS DE L&#8217;AGATHE <\/strong><br\/>Adresse: 98 route de la Guiraudette, 34300 Agde<br\/>Telefon: <a href=\"tel:0467016736\" data-type=\"tel\" data-id=\"tel:0467016736\"><\/a><a href=\"tel:0467016736\">04 67 01 67 36<\/a><br\/>Email: contact@camping-lesjardinsdagathe.com<br\/>Firmenname: LES JARDINS D&#8217;AGATHE<br\/>Stammkapital: 8000,00 \u20ac<br\/>SIRET: 448 618 587 00019<br\/>APE-Code: 5530Z<br\/>RCS: 448 61818 587 R.C.S. Beziers<br\/>Intrakommunale MwSt.-Nr.: FR76448618587<br\/>Verantwortlich f\u00fcr die Ver\u00f6ffentlichung: Chevestrier Charlotte<\/p>\n\n\n\n<h2 class=\"wp-block-heading\">Realisierung<\/h2>\n\n\n\n<p><strong>GEEK TONIC<\/strong> Vertreten durch Herrn Yohan Darmayan in seiner Eigenschaft als Gesch\u00e4ftsf\u00fchrer <br\/>Gesch\u00e4ftssitz: 16 chemin de Sabalce 64100 Bayonne<br\/>Tel.: <a href=\"https:\/\/www.google.com\/search?q=geek+tonic&amp;sxsrf=ALiCzsb97zG2dngu-WqfTOdPG_O6pmDSPQ%3A1665557722642&amp;ei=2mRGY-_0JorhlwS4vpuoCA&amp;ved=0ahUKEwjvyaSDjtr6AhWK8IUKHTjfBoUQ4dUDCA4&amp;uact=5&amp;oq=geek+tonic&amp;gs_lcp=Cgdnd3Mtd2l6EAMyBAgjECcyCgguEMcBEK8BECcyBggAEBYQHjIGCAAQFhAeMgIIJjoKCAAQRxDWBBCwAzoNCAAQ5AIQ1gQQsAMYAToICAAQFhAeEA86CAgAEBYQHhAKOgUIABCABDoLCC4QgAQQxwEQ0QM6CggAEIAEEIcCEBQ6CggAEIAEEAoQywFKBAhNGAFKBAhBGABKBAhGGAFQ4wtYgh1gkyBoAnABeACAAawBiAHRBJIBAzUuMZgBAKABAcgBDcABAdoBBggBEAEYCQ&amp;sclient=gws-wiz#\">05 32 74 11 52<\/a> <br\/>E-mail: support@geek-tonic.com <br\/>Website: <a href=\"https:\/\/www.geek-tonic.com\/\">www.geek-tonic.com<\/a> <br\/>SIRET: 89746755100015<br\/>APE: 6201Z<\/p>\n\n\n\n<h2 class=\"wp-block-heading\">Urheberrecht und Copyright<\/h2>\n\n\n\n<p>Der gesamte Inhalt dieser Website unterliegt dem Urheberrecht sowie dem geistigen Eigentum der franz\u00f6sischen Gesetzgebung. Jede Vervielf\u00e4ltigung (einschlie\u00dflich Fotos, Icons und herunterladbarer Dokumente) ist ohne vorherige Zustimmung von GEEK TONIC untersagt. Die Vervielf\u00e4ltigung der gesamten oder eines Teils der Website in Papier- oder elektronischem Format auf einem elektronischen Datentr\u00e4ger ist verboten. GEEK TONIC \u00fcbernimmt keine Verantwortung f\u00fcr die Inhalte auf der Website. GEEK TONIC \u00fcbernimmt auch keine Verantwortung f\u00fcr externe Links, die auf diese Website verweisen.   <\/p>\n\n\n\n<h2 class=\"wp-block-heading\">Pers\u00f6nliche Daten und namentliche Informationen<\/h2>\n\n\n\n<p>Sie haben ein Recht auf Zugang, \u00c4nderung, Berichtigung und L\u00f6schung der Sie betreffenden Daten gem\u00e4\u00df Artikel 34 des Gesetzes &#8222;Informatique et Libert\u00e9s&#8220; Nr. 78-17 vom 6. Januar 1978, ge\u00e4ndert am 6. August 2018. Um dieses Zugangsrecht auszu\u00fcben, k\u00f6nnen Sie eine einfache schriftliche Anfrage an den Herausgeber der Website richten. <\/p>\n\n\n\n<h2 class=\"wp-block-heading\">Gesetzgebung<\/h2>\n\n\n\n<p>Gem\u00e4\u00df dem Gesetz vom 11. M\u00e4rz 1957 (Art. 41) und dem Gesetzbuch \u00fcber geistiges Eigentum vom 1. Juli 1992 ist es verboten, einen Teil der Website ohne vorherige Genehmigung des Herausgebers der Website teilweise oder vollst\u00e4ndig zu reproduzieren. Die Logos, Bilder, Fotos, Videos, Grafiken und Texte sind Eigentum ihrer jeweiligen Besitzer. Diese Website kann ohne sein Wissen mit anderen Websites \u00fcber Hypermedia-Links verbunden sein. Der Herausgeber der Website lehnt jede Verantwortung f\u00fcr die Informationen auf diesen anderen Websites ab. Der Internetnutzer erkennt an, dass die Nutzung dieser Website dem franz\u00f6sischen Recht unterliegt.    <\/p>\n\n\n\n<div style=\"height:100px\" aria-hidden=\"true\" class=\"wp-block-spacer gt-hide-mobile\"><\/div>\n<\/section>\n","protected":false},"excerpt":{"rendered":"<p>Rechtliche Hinweise Verantwortlich f\u00fcr die Website CAMPING LES JARDINS DE L&#8217;AGATHE Adresse: 98 route de la Guiraudette, 34300 AgdeTelefon: 04 67 01 67 36Email: contact@camping-lesjardinsdagathe.comFirmenname: LES JARDINS D&#8217;AGATHEStammkapital: 8000,00 \u20acSIRET: 448 618 587 00019APE-Code: 5530ZRCS: 448 61818 587 R.C.S. BeziersIntrakommunale MwSt.-Nr.: FR76448618587Verantwortlich f\u00fcr die Ver\u00f6ffentlichung: Chevestrier Charlotte Realisierung GEEK TONIC Vertreten durch Herrn Yohan Darmayan [&hellip;]<\/p>\n","protected":false},"author":1,"featured_media":0,"parent":0,"menu_order":0,"comment_status":"closed","ping_status":"closed","template":"","meta":{"_seopress_robots_primary_cat":"","_seopress_titles_title":"Rechtliche Hinweise","_seopress_titles_desc":"","_seopress_robots_index":"yes","_gt_ctv_global_id":"","_gt_ctv_id_group":false,"inline_featured_image":false,"gt_fse_maillage_image":"","gt_fse_maillage_titre":"Rechtliche Hinweise","gt_fse_maillage_alt":"Mentions l\u00e9gales","gt_fse_maillage_resume":"","footnotes":""},"categories":[],"tags":[],"class_list":["post-6415","page","type-page","status-publish","hentry"],"_links":{"self":[{"href":"https:\/\/www.camping-lesjardinsdagathe.com\/de\/wp-json\/wp\/v2\/pages\/6415","targetHints":{"allow":["GET"]}}],"collection":[{"href":"https:\/\/www.camping-lesjardinsdagathe.com\/de\/wp-json\/wp\/v2\/pages"}],"about":[{"href":"https:\/\/www.camping-lesjardinsdagathe.com\/de\/wp-json\/wp\/v2\/types\/page"}],"author":[{"embeddable":true,"href":"https:\/\/www.camping-lesjardinsdagathe.com\/de\/wp-json\/wp\/v2\/users\/1"}],"replies":[{"embeddable":true,"href":"https:\/\/www.camping-lesjardinsdagathe.com\/de\/wp-json\/wp\/v2\/comments?post=6415"}],"version-history":[{"count":3,"href":"https:\/\/www.camping-lesjardinsdagathe.com\/de\/wp-json\/wp\/v2\/pages\/6415\/revisions"}],"predecessor-version":[{"id":7436,"href":"https:\/\/www.camping-lesjardinsdagathe.com\/de\/wp-json\/wp\/v2\/pages\/6415\/revisions\/7436"}],"wp:attachment":[{"href":"https:\/\/www.camping-lesjardinsdagathe.com\/de\/wp-json\/wp\/v2\/media?parent=6415"}],"wp:term":[{"taxonomy":"category","embeddable":true,"href":"https:\/\/www.camping-lesjardinsdagathe.com\/de\/wp-json\/wp\/v2\/categories?post=6415"},{"taxonomy":"post_tag","embeddable":true,"href":"https:\/\/www.camping-lesjardinsdagathe.com\/de\/wp-json\/wp\/v2\/tags?post=6415"}],"curies":[{"name":"wp","href":"https:\/\/api.w.org\/{rel}","templated":true}]}}