{"id":6323,"date":"2025-11-03T18:23:00","date_gmt":"2025-11-03T17:23:00","guid":{"rendered":"https:\/\/www.camping-lesjardinsdagathe.com\/preise-und-angebote\/"},"modified":"2026-02-17T10:12:59","modified_gmt":"2026-02-17T09:12:59","slug":"guenstiger-campingplatz-agde","status":"publish","type":"page","link":"https:\/\/www.camping-lesjardinsdagathe.com\/de\/guenstiger-campingplatz-agde\/","title":{"rendered":"Preise und Angebote"},"content":{"rendered":"\n<div class=\"wp-block-group banner-imgs not-slider is-nowrap is-layout-flex wp-container-core-group-is-layout-6c531013 wp-block-group-is-layout-flex\">\n<figure class=\"wp-block-image size-full has-custom-border\"><img decoding=\"async\" width=\"1600\" height=\"938\" src=\"https:\/\/www.camping-lesjardinsdagathe.com\/wp-content\/uploads\/2026\/02\/camping-pas-cher-cap-dagde-herault.jpg\" alt=\"g&#xFC;nstiger Campingplatz cap dagde herault\" class=\"wp-image-4708\" style=\"border-top-left-radius:200px;border-top-right-radius:200px;border-bottom-left-radius:60px;border-bottom-right-radius:60px;aspect-ratio:3\/2;object-fit:cover\" srcset=\"https:\/\/www.camping-lesjardinsdagathe.com\/wp-content\/uploads\/2026\/02\/camping-pas-cher-cap-dagde-herault.jpg 1600w, https:\/\/www.camping-lesjardinsdagathe.com\/wp-content\/uploads\/2026\/02\/camping-pas-cher-cap-dagde-herault-300x176.jpg 300w, https:\/\/www.camping-lesjardinsdagathe.com\/wp-content\/uploads\/2026\/02\/camping-pas-cher-cap-dagde-herault-1024x600.jpg 1024w, https:\/\/www.camping-lesjardinsdagathe.com\/wp-content\/uploads\/2026\/02\/camping-pas-cher-cap-dagde-herault-768x450.jpg 768w, https:\/\/www.camping-lesjardinsdagathe.com\/wp-content\/uploads\/2026\/02\/camping-pas-cher-cap-dagde-herault-1536x900.jpg 1536w\" sizes=\"(max-width: 1600px) 100vw, 1600px\" \/><\/figure>\n<\/div>\n\n<div class=\"wp-block-group section-1 has-global-padding is-layout-constrained wp-container-core-group-is-layout-0ec3b646 wp-block-group-is-layout-constrained\" style=\"padding-top:4rem;padding-right:0px;padding-bottom:4rem;padding-left:0px\">\n<div class=\"wp-block-group top-content has-global-padding is-layout-constrained wp-container-core-group-is-layout-f4426c34 wp-block-group-is-layout-constrained\" style=\"padding-right:10rem;padding-left:10rem\">\n<h1 class=\"wp-block-heading has-text-align-center\"><strong>G\u00fcnstiger Campingplatz in Cap d&#8217;Agde<\/strong><\/h1>\n\n\n\n<p class=\"has-text-align-center\">Les Jardins d&#8217;Agathe liegt 5 km vom Stadtzentrum von Agde und weniger als einen Kilometer von den ersten Str\u00e4nden entfernt. Genie\u00dfen Sie unter der Sonne des H\u00e9rault einen <strong>Aufenthalt zum besten Preis mit der Familie, mit Freunden oder zu zweit<\/strong> auf einem <a href=\"https:\/\/www.camping-lesjardinsdagathe.com\/de\/\" data-type=\"page\" data-id=\"5\">charmanten 4-Sterne-Campingplatz in Cap d&#8217;Agde<\/a>. <\/p>\n<\/div>\n\n\n\n<div class=\"wp-block-columns are-vertically-aligned-center is-layout-flex wp-container-core-columns-is-layout-fd8265d6 wp-block-columns-is-layout-flex\" style=\"margin-top:8rem\">\n<div class=\"wp-block-column is-vertically-aligned-center left is-layout-flow wp-block-column-is-layout-flow\" style=\"padding-right:3rem;padding-left:10rem\">\n<h2 class=\"wp-block-heading has-text-align-left\"><strong>Unterkunft und Aufenthalt zum besten Preis<\/strong> im Departement H\u00e9rault<\/h2>\n\n\n\n<p><a href=\"https:\/\/www.camping-lesjardinsdagathe.com\/de\/vermietung-campingplatze-agde\/\" data-type=\"page\" data-id=\"12\">Mieten Sie einen halbschattigen Campingplatz in Cap d&#8217;Agde<\/a>, ein <a href=\"https:\/\/www.camping-lesjardinsdagathe.com\/de\/vermietung-mobilheim-agde\/#insolites\" data-type=\"link\" data-id=\"https:\/\/www.camping-lesjardinsdagathe.com\/location-mobil-home-agde\/#insolites\">Mobilheim mit allem Komfort oder ein atypisches Coco sweet Zelt<\/a> und profitieren Sie von den zahlreichen <strong>Einrichtungen <\/strong>unseres <strong>preisg\u00fcnstigen<\/strong> Campingplatzes im Departement H\u00e9rault.<\/p>\n\n\n\n<p>Um Ihre lauen Sommerabende und hei\u00dfen Sommertage zu beleben, bieten wir Ihnen verschiedene <strong>Aktivit\u00e4ten<\/strong>, wie <strong>Themenabende<\/strong>, aber auch <strong>Sport- und Spielanimationen<\/strong>. <br\/>In der <strong>Bar <\/strong>und der <strong>Snackbar<\/strong> unseres preisg\u00fcnstigen Campingplatzes in Cap d&#8217;Agde k\u00f6nnen Sie den s\u00fc\u00dfen Genuss eines Aufenthalts in der Region H\u00e9rault genie\u00dfen. Die Kinder werden sich gerne im <strong>Miniclub<\/strong> des Campingplatzes treffen. Unser Team steht Ihnen gerne zur Verf\u00fcgung, um Ihnen einen idealen und preiswerten Aufenthalt in Cap d&#8217;Agde zu erm\u00f6glichen!  <\/p>\n<\/div>\n\n\n\n<div class=\"wp-block-column is-vertically-aligned-center right is-layout-flow wp-block-column-is-layout-flow\">\n<div class=\"wp-block-group has-global-padding is-layout-constrained wp-block-group-is-layout-constrained\">\n<figure class=\"wp-block-image size-full has-custom-border\"><img decoding=\"async\" width=\"804\" height=\"900\" src=\"https:\/\/www.camping-lesjardinsdagathe.com\/wp-content\/uploads\/2026\/02\/camping-meilleur-prix-cap-dagde-herault.jpg\" alt=\"campingplatz beste preis cap dagde herault\" class=\"wp-image-4687\" style=\"border-top-left-radius:200px;aspect-ratio:1;object-fit:cover\" srcset=\"https:\/\/www.camping-lesjardinsdagathe.com\/wp-content\/uploads\/2026\/02\/camping-meilleur-prix-cap-dagde-herault.jpg 804w, https:\/\/www.camping-lesjardinsdagathe.com\/wp-content\/uploads\/2026\/02\/camping-meilleur-prix-cap-dagde-herault-268x300.jpg 268w, https:\/\/www.camping-lesjardinsdagathe.com\/wp-content\/uploads\/2026\/02\/camping-meilleur-prix-cap-dagde-herault-768x860.jpg 768w\" sizes=\"(max-width: 804px) 100vw, 804px\" \/><\/figure>\n<\/div>\n<\/div>\n<\/div>\n<\/div>\n\n<section class=\"wp-block-group section-3 has-base-2-background-color has-background has-global-padding is-layout-constrained wp-container-core-group-is-layout-c7050a58 wp-block-group-is-layout-constrained\" style=\"margin-top:0px;margin-bottom:0px;padding-top:0px;padding-right:0px;padding-left:0px\">\n<div class=\"wp-block-columns are-vertically-aligned-center content is-layout-flex wp-container-core-columns-is-layout-44dfee6c wp-block-columns-is-layout-flex\" style=\"padding-top:6rem;padding-right:10rem;padding-bottom:6rem;padding-left:10rem\">\n<div class=\"wp-block-column is-vertically-aligned-center left is-layout-flow wp-block-column-is-layout-flow\" style=\"padding-right:0px;padding-left:0px;flex-basis:50%\">\n<figure class=\"wp-block-image size-full has-custom-border\"><img decoding=\"async\" width=\"766\" height=\"900\" src=\"https:\/\/www.camping-lesjardinsdagathe.com\/wp-content\/uploads\/2026\/02\/camping-avec-offres-herault.jpg\" alt=\"Camping mit Angeboten Herault\" class=\"wp-image-4702\" style=\"border-top-right-radius:200px\" srcset=\"https:\/\/www.camping-lesjardinsdagathe.com\/wp-content\/uploads\/2026\/02\/camping-avec-offres-herault.jpg 766w, https:\/\/www.camping-lesjardinsdagathe.com\/wp-content\/uploads\/2026\/02\/camping-avec-offres-herault-255x300.jpg 255w\" sizes=\"(max-width: 766px) 100vw, 766px\" \/><\/figure>\n<\/div>\n\n\n\n<div class=\"wp-block-column is-vertically-aligned-center right is-layout-flow wp-block-column-is-layout-flow\" style=\"flex-basis:50%\">\n<h2 class=\"wp-block-heading\"><strong>Campingplatz mit Angeboten in Cap d&#8217;Agde<\/strong><\/h2>\n\n\n\n<p>Der Urlaub beginnt schon heute&#8230;<br\/>Buchen Sie vom <strong>18. April bis zum 04. Oktober 2026<\/strong> Ihren Aufenthalt und profitieren Sie von unseren Sonderangeboten. Erleben Sie einen Sommer im Zeichen der Geselligkeit zwischen Natur, Komfort und gemeinsamen Momenten! <\/p>\n\n\n\n<p>\u2728 \ud835\udc0d\ud835\udc28\ud835\udc2c \ud835\udc28\ud835\udc1f\ud835\udc1f\ud835\udc2b\ud835\udc1e\ud835\udc2c \ud835\udc29\ud835\udc2b\ud835\udc22\ud835\udc2f\ud835\udc22\ud835\udc25\ud835\udc1e\u0300\ud835\udc20\ud835\udc1e\ud835\udc2c \u2728:  <\/p>\n\n\n\n<ul class=\"wp-block-list\">\n<li>\ud835\udfcf\ud835\udfd3% \ud835\udc1d\ud835\udc1e \ud835\udc2b\ud835\udc1e\ud835\udc26\ud835\udc22\ud835\udc2c\ud835\udc1e \ud835\udc0b\ud835\udc28\ud835\udc27\ud835\udc20 \ud835\udc12\ud835\udc1e\u0301\ud835\udc23\ud835\udc28\ud835\udc2e\ud835\udc2b<br\/>Bei einem Aufenthalt von mindestens 14 N\u00e4chten<br\/>\ud83d\udcc5 Vom 18. April bis zum 20. Juli und vom 23. August bis zum 4. Oktober 2026.<\/li>\n\n\n\n<li>\ud835\udfcf\ud835\udfce% \ud835\udc1d\ud835\udc1e \ud835\udc2b\ud835\udc1e\ud835\udc26\ud835\udc22\ud835\udc2c\ud835\udc1e \ud835\udc04\ud835\udc1a\ud835\udc2b\ud835\udc25\ud835\udc32 \ud835\udc01\ud835\udc28\ud835\udc28\ud835\udc24\ud835\udc22\ud835\udc27\ud835\udc20<br\/>Bei einem Aufenthalt von mindestens 7 N\u00e4chten<br\/>\ud83d\udcc5 Zwischen dem 4. Juli und dem 1\u1d49\u02b3 August<br\/>\ud83d\udd53 Bei Buchung vor dem 31. Januar 2026<\/li>\n\n\n\n<li>-\ud835\udfd3% \ud835\udc1d\ud835\udc1e \ud835\udc2b\ud835\udc1e\ud835\udc26\ud835\udc22\ud835\udc2c\ud835\udc1e \ud835\udc04\ud835\udc1a\ud835\udc2b\ud835\udc25\ud835\udc32 \ud835\udc01\ud835\udc28\ud835\udc28\ud835\udc24\ud835\udc22\ud835\udc27\ud835\udc20<br\/>Bei einem Aufenthalt von mindestens 7 N\u00e4chten<br\/>\ud83d\udcc5 Zwischen dem 1. August und dem 1. September<br\/>\ud83d\udd53 Bei Buchung vor dem 31. Januar 2026.<\/li>\n<\/ul>\n<\/div>\n<\/div>\n<\/section>\n\n<div class=\"wp-block-group section-2 has-base-2-background-color has-background has-global-padding is-layout-constrained wp-container-core-group-is-layout-ed0d3ee8 wp-block-group-is-layout-constrained\" style=\"margin-top:0px;margin-bottom:0px;padding-right:0px;padding-left:0px\">\n<div class=\"wp-block-cover gt-multiple-images-cover has-slider\" style=\"padding-bottom:5rem;min-height:100vh;aspect-ratio:unset;\" data-image-ids=\"[1798]\"><div class=\"gt-is-slider swiper-container\" data-swiper=\"{&quot;speed&quot;:1000,&quot;autoplay&quot;:{&quot;delay&quot;:5000,&quot;disableOnInteraction&quot;:false},&quot;spaceBetween&quot;:0,&quot;slidesPerView&quot;:1,&quot;pagination&quot;:{&quot;el&quot;:&quot;.swiper-pagination&quot;,&quot;dynamicBullets&quot;:true,&quot;clickable&quot;:true,&quot;type&quot;:&quot;bullets&quot;},&quot;navigation&quot;:{&quot;nextEl&quot;:&quot;.swiper-button-next&quot;,&quot;prevEl&quot;:&quot;.swiper-button-prev&quot;},&quot;breakpoints&quot;:[{&quot;slidesPerView&quot;:1}],&quot;effect&quot;:&quot;fade&quot;}\"><div class=\"swiper-wrapper\"><\/div><\/div><img decoding=\"async\" width=\"1620\" height=\"1080\" class=\"wp-block-cover__image-background wp-image-4692 size-full\" alt=\"camping meilleurs raports qualites prix herault\" src=\"https:\/\/www.camping-lesjardinsdagathe.com\/wp-content\/uploads\/2026\/02\/camping-meilleurs-raports-qualites-prix-herault.jpg\" data-object-fit=\"cover\" srcset=\"https:\/\/www.camping-lesjardinsdagathe.com\/wp-content\/uploads\/2026\/02\/camping-meilleurs-raports-qualites-prix-herault.jpg 1620w, https:\/\/www.camping-lesjardinsdagathe.com\/wp-content\/uploads\/2026\/02\/camping-meilleurs-raports-qualites-prix-herault-300x200.jpg 300w, https:\/\/www.camping-lesjardinsdagathe.com\/wp-content\/uploads\/2026\/02\/camping-meilleurs-raports-qualites-prix-herault-1024x683.jpg 1024w, https:\/\/www.camping-lesjardinsdagathe.com\/wp-content\/uploads\/2026\/02\/camping-meilleurs-raports-qualites-prix-herault-768x512.jpg 768w, https:\/\/www.camping-lesjardinsdagathe.com\/wp-content\/uploads\/2026\/02\/camping-meilleurs-raports-qualites-prix-herault-1536x1024.jpg 1536w\" sizes=\"(max-width: 1620px) 100vw, 1620px\" \/><span aria-hidden=\"true\" class=\"wp-block-cover__background has-contrast-background-color has-background-dim-40 has-background-dim\"><\/span><div class=\"wp-block-cover__inner-container has-global-padding is-layout-constrained wp-container-core-cover-is-layout-5d8960c0 wp-block-cover-is-layout-constrained\">\n<h2 class=\"wp-block-heading has-text-align-center has-base-2-color has-text-color has-link-color wp-elements-a177b797e2356af3db6e7d1d60d2b4bd\" style=\"padding-right:10rem;padding-left:10rem\">Buchen Sie direkt: <strong>Preis-Leistungs-Verh\u00e4ltnis garantiert<\/strong>!<\/h2>\n<\/div><\/div>\n\n\n\n<div class=\"wp-block-group content has-global-padding is-layout-constrained wp-container-core-group-is-layout-b061aaf7 wp-block-group-is-layout-constrained\" style=\"margin-top:0px;margin-bottom:0px;padding-top:4rem;padding-right:14rem;padding-bottom:0rem;padding-left:14rem\">\n<div class=\"wp-block-columns are-vertically-aligned-center is-layout-flex wp-container-core-columns-is-layout-123045d2 wp-block-columns-is-layout-flex\">\n<div class=\"wp-block-column is-vertically-aligned-center left is-layout-flow wp-block-column-is-layout-flow\" style=\"flex-basis:100%\">\n<p class=\"has-text-align-center\" style=\"margin-bottom:4rem\">F\u00fcr Ihre Buchungen empfehlen wir Ihnen, <strong>direkt<\/strong> zu buchen, um das <strong>beste Preis-Leistungs-Verh\u00e4ltnis <\/strong>und eine <strong>bessere Betreuung<\/strong> zu erhalten.<br\/>Unser Campingplatz ist auf verschiedenen franz\u00f6sischen und ausl\u00e4ndischen Portalen zu finden, aber wir k\u00f6nnen keine Betreuung gew\u00e4hrleisten, wenn Sie \u00fcber diese Portale buchen.<br\/>Wenn Sie direkt am Telefon oder \u00fcber unsere Website buchen, k\u00f6nnen Sie sich beruhigt zur\u00fccklehnen, da <strong>wir t\u00e4glich erreichbar sind<\/strong> und Ihre Buchung sofort bearbeiten k\u00f6nnen.<br\/>Wir senden Ihnen passende E-Mails, so dass Sie alle Informationen \u00fcber Ihren Aufenthalt erhalten und Ihren Urlaub von Anfang an genie\u00dfen k\u00f6nnen!<\/p>\n<\/div>\n<\/div>\n<\/div>\n<\/div>\n\n<div class=\"wp-block-group section-maillage has-global-padding is-layout-constrained wp-container-core-group-is-layout-c61a7b82 wp-block-group-is-layout-constrained\" style=\"margin-top:0px;margin-bottom:3rem;padding-top:4rem;padding-right:0px;padding-bottom:4rem;padding-left:0px\">\n<p class=\"has-text-align-center has-custom-color-2-color has-text-color has-link-color wp-elements-c5a336ad7199b25a49d42cf9caae41db\" style=\"margin-bottom:5rem;font-size:clamp(20px, 1.25rem + ((1vw - 3.2px) * 1.25), 32px);font-style:normal;font-weight:400;text-transform:uppercase\">Entdecken Sie unsere Mobilheime zum Verkauf, unsere Animationen und die Animationen rund um den Campingplatz.<\/p>\n\n\n\n<div data-wp-context=\"{}\" data-wp-interactive=\"core\/query\" data-wp-key=\"0\" data-wp-router-region=\"query-0\" class=\"wp-block-query alignwide gt-fse-maillage-query is-layout-flow wp-block-query-is-layout-flow\"><ul class=\"columns-3 wp-block-post-template is-layout-grid wp-container-core-post-template-is-layout-6d3fbd8f wp-block-post-template-is-layout-grid\"><li data-wp-key=\"post-template-item-6382\" class=\"wp-block-post post-6382 page type-page status-publish has-post-thumbnail hentry\">\n<a href=\"https:\/\/www.camping-lesjardinsdagathe.com\/de\/aktivitaten-im-herault\/\"    class=\"cta wp-block-tiptip-hyperlink-group-block\" >\n<div class=\"wp-block-cover\" style=\"border-top-left-radius:50px;border-top-right-radius:50px;border-bottom-left-radius:50px;border-bottom-right-radius:50px;padding-top:0rem;padding-bottom:0rem\"><span aria-hidden=\"true\" class=\"wp-block-cover__background has-background-dim-100 has-background-dim has-background-gradient\" style=\"background:linear-gradient(180deg,rgba(255,255,255,0) 47%,rgba(0,0,0,0.48) 100%)\"><\/span><img decoding=\"async\" width=\"1350\" height=\"900\" src=\"https:\/\/www.camping-lesjardinsdagathe.com\/wp-content\/uploads\/2026\/02\/quoi-faire-dans-lherault.jpg\" class=\"wp-block-cover__image-background wp-post-image\" alt=\"Was kann man in Lherault unternehmen?\" data-object-fit=\"cover\" srcset=\"https:\/\/www.camping-lesjardinsdagathe.com\/wp-content\/uploads\/2026\/02\/quoi-faire-dans-lherault.jpg 1350w, https:\/\/www.camping-lesjardinsdagathe.com\/wp-content\/uploads\/2026\/02\/quoi-faire-dans-lherault-300x200.jpg 300w, https:\/\/www.camping-lesjardinsdagathe.com\/wp-content\/uploads\/2026\/02\/quoi-faire-dans-lherault-1024x683.jpg 1024w, https:\/\/www.camping-lesjardinsdagathe.com\/wp-content\/uploads\/2026\/02\/quoi-faire-dans-lherault-768x512.jpg 768w\" sizes=\"(max-width: 1350px) 100vw, 1350px\" \/><div class=\"wp-block-cover__inner-container has-global-padding is-layout-constrained wp-block-cover-is-layout-constrained\">\n<p class=\"is-style-outline btn-1 cta-title has-border-color has-base-2-border-color has-base-2-color has-text-color has-link-color wp-elements-1f72e4569e6c571ecc8add85532c550f\" style=\"border-style:solid;border-width:1px;border-radius:100px;margin-bottom:3rem;padding-top:0.75rem;padding-right:var(--wp--preset--spacing--10);padding-bottom:0.75rem;padding-left:3rem;font-size:clamp(1.006rem, 1.006rem + ((1vw - 0.2rem) * 0.89), 1.54rem);text-transform:uppercase\"><img decoding=\"async\" width=\"39\" height=\"36\" class=\"wp-image-2449\" style=\"width: 39px\" src=\"https:\/\/www.camping-lesjardinsdagathe.com\/wp-content\/uploads\/2026\/01\/fleur-blanche.svg\" alt=\"wei\u00dfe Blume\">Zu tun<img decoding=\"async\" width=\"12\" height=\"19\" class=\"wp-image-425\" style=\"width: 12px\" src=\"https:\/\/www.camping-lesjardinsdagathe.com\/wp-content\/uploads\/2025\/11\/icon-fleche-btn-blanc.svg\" alt=\"icon fleche btn wei\u00df\"><\/p>\n<\/div><\/div>\n<\/a>\n<\/li><li data-wp-key=\"post-template-item-6411\" class=\"wp-block-post post-6411 page type-page status-publish has-post-thumbnail hentry\">\n<a href=\"https:\/\/www.camping-lesjardinsdagathe.com\/de\/campingplatz-animationen-agde\/\"    class=\"cta wp-block-tiptip-hyperlink-group-block\" >\n<div class=\"wp-block-cover\" style=\"border-top-left-radius:50px;border-top-right-radius:50px;border-bottom-left-radius:50px;border-bottom-right-radius:50px;padding-top:0rem;padding-bottom:0rem\"><span aria-hidden=\"true\" class=\"wp-block-cover__background has-background-dim-100 has-background-dim has-background-gradient\" style=\"background:linear-gradient(180deg,rgba(255,255,255,0) 47%,rgba(0,0,0,0.48) 100%)\"><\/span><img decoding=\"async\" width=\"900\" height=\"647\" src=\"https:\/\/www.camping-lesjardinsdagathe.com\/wp-content\/uploads\/2026\/01\/camping-avec-animations-dans-lherault.jpg\" class=\"wp-block-cover__image-background wp-post-image\" alt=\"Campingplatz mit Animationen in Lherault\" data-object-fit=\"cover\" srcset=\"https:\/\/www.camping-lesjardinsdagathe.com\/wp-content\/uploads\/2026\/01\/camping-avec-animations-dans-lherault.jpg 900w, https:\/\/www.camping-lesjardinsdagathe.com\/wp-content\/uploads\/2026\/01\/camping-avec-animations-dans-lherault-300x216.jpg 300w, https:\/\/www.camping-lesjardinsdagathe.com\/wp-content\/uploads\/2026\/01\/camping-avec-animations-dans-lherault-768x552.jpg 768w\" sizes=\"(max-width: 900px) 100vw, 900px\" \/><div class=\"wp-block-cover__inner-container has-global-padding is-layout-constrained wp-block-cover-is-layout-constrained\">\n<p class=\"is-style-outline btn-1 cta-title has-border-color has-base-2-border-color has-base-2-color has-text-color has-link-color wp-elements-1f72e4569e6c571ecc8add85532c550f\" style=\"border-style:solid;border-width:1px;border-radius:100px;margin-bottom:3rem;padding-top:0.75rem;padding-right:var(--wp--preset--spacing--10);padding-bottom:0.75rem;padding-left:3rem;font-size:clamp(1.006rem, 1.006rem + ((1vw - 0.2rem) * 0.89), 1.54rem);text-transform:uppercase\"><img decoding=\"async\" width=\"39\" height=\"36\" class=\"wp-image-2449\" style=\"width: 39px\" src=\"https:\/\/www.camping-lesjardinsdagathe.com\/wp-content\/uploads\/2026\/01\/fleur-blanche.svg\" alt=\"wei\u00dfe Blume\">Animationen<img decoding=\"async\" width=\"12\" height=\"19\" class=\"wp-image-425\" style=\"width: 12px\" src=\"https:\/\/www.camping-lesjardinsdagathe.com\/wp-content\/uploads\/2025\/11\/icon-fleche-btn-blanc.svg\" alt=\"icon fleche btn wei\u00df\"><\/p>\n<\/div><\/div>\n<\/a>\n<\/li><li data-wp-key=\"post-template-item-6366\" class=\"wp-block-post post-6366 page type-page status-publish has-post-thumbnail hentry\">\n<a href=\"https:\/\/www.camping-lesjardinsdagathe.com\/de\/kauf-verkauf-mobilheim-agde\/\"    class=\"cta wp-block-tiptip-hyperlink-group-block\" >\n<div class=\"wp-block-cover\" style=\"border-top-left-radius:50px;border-top-right-radius:50px;border-bottom-left-radius:50px;border-bottom-right-radius:50px;padding-top:0rem;padding-bottom:0rem\"><span aria-hidden=\"true\" class=\"wp-block-cover__background has-background-dim-100 has-background-dim has-background-gradient\" style=\"background:linear-gradient(180deg,rgba(255,255,255,0) 47%,rgba(0,0,0,0.48) 100%)\"><\/span><img decoding=\"async\" width=\"1600\" height=\"1060\" src=\"https:\/\/www.camping-lesjardinsdagathe.com\/wp-content\/uploads\/2026\/02\/mobil-a-vendre-au-cap-dagde-herault.jpg\" class=\"wp-block-cover__image-background wp-post-image\" alt=\"mobil zum Verkauf in Cap Dagde Herault\" data-object-fit=\"cover\" srcset=\"https:\/\/www.camping-lesjardinsdagathe.com\/wp-content\/uploads\/2026\/02\/mobil-a-vendre-au-cap-dagde-herault.jpg 1600w, https:\/\/www.camping-lesjardinsdagathe.com\/wp-content\/uploads\/2026\/02\/mobil-a-vendre-au-cap-dagde-herault-300x199.jpg 300w, https:\/\/www.camping-lesjardinsdagathe.com\/wp-content\/uploads\/2026\/02\/mobil-a-vendre-au-cap-dagde-herault-1024x678.jpg 1024w, https:\/\/www.camping-lesjardinsdagathe.com\/wp-content\/uploads\/2026\/02\/mobil-a-vendre-au-cap-dagde-herault-768x509.jpg 768w, https:\/\/www.camping-lesjardinsdagathe.com\/wp-content\/uploads\/2026\/02\/mobil-a-vendre-au-cap-dagde-herault-1536x1018.jpg 1536w\" sizes=\"(max-width: 1600px) 100vw, 1600px\" \/><div class=\"wp-block-cover__inner-container has-global-padding is-layout-constrained wp-block-cover-is-layout-constrained\">\n<p class=\"is-style-outline btn-1 cta-title has-border-color has-base-2-border-color has-base-2-color has-text-color has-link-color wp-elements-1f72e4569e6c571ecc8add85532c550f\" style=\"border-style:solid;border-width:1px;border-radius:100px;margin-bottom:3rem;padding-top:0.75rem;padding-right:var(--wp--preset--spacing--10);padding-bottom:0.75rem;padding-left:3rem;font-size:clamp(1.006rem, 1.006rem + ((1vw - 0.2rem) * 0.89), 1.54rem);text-transform:uppercase\"><img decoding=\"async\" width=\"39\" height=\"36\" class=\"wp-image-2449\" style=\"width: 39px\" src=\"https:\/\/www.camping-lesjardinsdagathe.com\/wp-content\/uploads\/2026\/01\/fleur-blanche.svg\" alt=\"wei\u00dfe Blume\">Eigent\u00fcmer werden<img decoding=\"async\" width=\"12\" height=\"19\" class=\"wp-image-425\" style=\"width: 12px\" src=\"https:\/\/www.camping-lesjardinsdagathe.com\/wp-content\/uploads\/2025\/11\/icon-fleche-btn-blanc.svg\" alt=\"icon fleche btn wei\u00df\"><\/p>\n<\/div><\/div>\n<\/a>\n<\/li><\/ul><\/div>\n<\/div>\n","protected":false},"excerpt":{"rendered":"<p>G\u00fcnstiger Campingplatz in Cap d&#8217;Agde Les Jardins d&#8217;Agathe liegt 5 km vom Stadtzentrum von Agde und weniger als einen Kilometer von den ersten Str\u00e4nden entfernt. Genie\u00dfen Sie unter der Sonne des H\u00e9rault einen Aufenthalt zum besten Preis mit der Familie, mit Freunden oder zu zweit auf einem charmanten 4-Sterne-Campingplatz in Cap d&#8217;Agde. Unterkunft und Aufenthalt [&hellip;]<\/p>\n","protected":false},"author":1,"featured_media":4711,"parent":0,"menu_order":0,"comment_status":"closed","ping_status":"closed","template":"","meta":{"_seopress_robots_primary_cat":"","_seopress_titles_title":"Camping Cap d'Agde | Campingangebote im H\u00e9rault 34","_seopress_titles_desc":"Genie\u00dfen Sie die Sonne des H\u00e9rault in Cap d'Agde! Familien- oder Freundesaufenthalte zum kleinen Preis auf unserem 4-Sterne-Campingplatz in der N\u00e4he der Str\u00e4nde. Buchen Sie direkt!  ","_seopress_robots_index":"","_gt_ctv_global_id":"","_gt_ctv_id_group":false,"inline_featured_image":false,"gt_fse_maillage_image":"https:\/\/www.camping-lesjardinsdagathe.com\/wp-content\/uploads\/2026\/02\/camping-pas-cher-cap-dagde-herault.jpg","gt_fse_maillage_titre":"<img class=\"wp-image-2449\" style=\"width: 39px;\" src=\"https:\/\/www.camping-lesjardinsdagathe.com\/wp-content\/uploads\/2026\/01\/fleur-blanche.svg\" alt=\"wei\u00dfe Blume\">Preise<img class=\"wp-image-425\" style=\"width: 12px;\" src=\"https:\/\/www.camping-lesjardinsdagathe.com\/wp-content\/uploads\/2025\/11\/icon-fleche-btn-blanc.svg\" alt=\"icon fleche btn wei\u00df\">","gt_fse_maillage_alt":"camping pas cher cap dagde herault","gt_fse_maillage_resume":"Preise","footnotes":""},"categories":[],"tags":[],"class_list":["post-6323","page","type-page","status-publish","has-post-thumbnail","hentry"],"_links":{"self":[{"href":"https:\/\/www.camping-lesjardinsdagathe.com\/de\/wp-json\/wp\/v2\/pages\/6323","targetHints":{"allow":["GET"]}}],"collection":[{"href":"https:\/\/www.camping-lesjardinsdagathe.com\/de\/wp-json\/wp\/v2\/pages"}],"about":[{"href":"https:\/\/www.camping-lesjardinsdagathe.com\/de\/wp-json\/wp\/v2\/types\/page"}],"author":[{"embeddable":true,"href":"https:\/\/www.camping-lesjardinsdagathe.com\/de\/wp-json\/wp\/v2\/users\/1"}],"replies":[{"embeddable":true,"href":"https:\/\/www.camping-lesjardinsdagathe.com\/de\/wp-json\/wp\/v2\/comments?post=6323"}],"version-history":[{"count":7,"href":"https:\/\/www.camping-lesjardinsdagathe.com\/de\/wp-json\/wp\/v2\/pages\/6323\/revisions"}],"predecessor-version":[{"id":7534,"href":"https:\/\/www.camping-lesjardinsdagathe.com\/de\/wp-json\/wp\/v2\/pages\/6323\/revisions\/7534"}],"wp:featuredmedia":[{"embeddable":true,"href":"https:\/\/www.camping-lesjardinsdagathe.com\/de\/wp-json\/wp\/v2\/media\/4711"}],"wp:attachment":[{"href":"https:\/\/www.camping-lesjardinsdagathe.com\/de\/wp-json\/wp\/v2\/media?parent=6323"}],"wp:term":[{"taxonomy":"category","embeddable":true,"href":"https:\/\/www.camping-lesjardinsdagathe.com\/de\/wp-json\/wp\/v2\/categories?post=6323"},{"taxonomy":"post_tag","embeddable":true,"href":"https:\/\/www.camping-lesjardinsdagathe.com\/de\/wp-json\/wp\/v2\/tags?post=6323"}],"curies":[{"name":"wp","href":"https:\/\/api.w.org\/{rel}","templated":true}]}}